{"id":2054,"date":"2025-11-25T05:44:05","date_gmt":"2025-11-25T04:44:05","guid":{"rendered":"https:\/\/pathosays.com\/?page_id=2054"},"modified":"2025-12-02T00:01:49","modified_gmt":"2025-12-01T23:01:49","slug":"pathosays-school","status":"publish","type":"page","link":"https:\/\/pathosays.com\/en\/pathosays-school\/","title":{"rendered":"PathoSays School"},"content":{"rendered":"<div data-elementor-type=\"wp-page\" data-elementor-id=\"2054\" class=\"elementor elementor-2054\" data-elementor-post-type=\"page\">\n\t\t\t\t<div class=\"elementor-element elementor-element-6e5537d4 e-flex e-con-boxed e-con e-parent\" data-id=\"6e5537d4\" data-element_type=\"container\" data-settings=\"{&quot;background_background&quot;:&quot;classic&quot;}\">\n\t\t\t\t\t<div class=\"e-con-inner\">\n\t\t\t\t<div class=\"elementor-element elementor-element-ad454df elementor-widget elementor-widget-heading\" data-id=\"ad454df\" data-element_type=\"widget\" data-widget_type=\"heading.default\">\n\t\t\t\t\t<h2 class=\"elementor-heading-title elementor-size-default\">PathoSays School<\/h2>\t\t\t\t<\/div>\n\t\t\t\t<div class=\"elementor-element elementor-element-712104b elementor-widget elementor-widget-text-editor\" data-id=\"712104b\" data-element_type=\"widget\" data-widget_type=\"text-editor.default\">\n\t\t\t\t\t\t\t\t\t<p>Estamos construyendo un espacio de aprendizaje diferente. Muy pronto encontrar\u00e1s aqu\u00ed cursos, gu\u00edas y rutas de estudio dise\u00f1adas para comprender la biolog\u00eda, la enfermedad y la inteligencia artificial aplicada a la medicina desde su esencia.<\/p>\t\t\t\t\t\t\t\t<\/div>\n\t\t\t\t<div class=\"elementor-element elementor-element-575b780 elementor-view-default elementor-position-top elementor-mobile-position-top elementor-widget elementor-widget-icon-box\" data-id=\"575b780\" data-element_type=\"widget\" data-widget_type=\"icon-box.default\">\n\t\t\t\t\t\t\t<div class=\"elementor-icon-box-wrapper\">\n\n\t\t\t\t\t\t<div class=\"elementor-icon-box-icon\">\n\t\t\t\t<span  class=\"elementor-icon\">\n\t\t\t\t<svg aria-hidden=\"true\" class=\"e-font-icon-svg e-fas-tools\" viewbox=\"0 0 512 512\" xmlns=\"http:\/\/www.w3.org\/2000\/svg\"><path d=\"M501.1 395.7L384 278.6c-23.1-23.1-57.6-27.6-85.4-13.9L192 158.1V96L64 0 0 64l96 128h62.1l106.6 106.6c-13.6 27.8-9.2 62.3 13.9 85.4l117.1 117.1c14.6 14.6 38.2 14.6 52.7 0l52.7-52.7c14.5-14.6 14.5-38.2 0-52.7zM331.7 225c28.3 0 54.9 11 74.9 31l19.4 19.4c15.8-6.9 30.8-16.5 43.8-29.5 37.1-37.1 49.7-89.3 37.9-136.7-2.2-9-13.5-12.1-20.1-5.5l-74.4 74.4-67.9-11.3L334 98.9l74.4-74.4c6.6-6.6 3.4-17.9-5.7-20.2-47.4-11.7-99.6.9-136.6 37.9-28.5 28.5-41.9 66.1-41.2 103.6l82.1 82.1c8.1-1.9 16.5-2.9 24.7-2.9zm-103.9 82l-56.7-56.7L18.7 402.8c-25 25-25 65.5 0 90.5s65.5 25 90.5 0l123.6-123.6c-7.6-19.9-9.9-41.6-5-62.7zM64 472c-13.2 0-24-10.8-24-24 0-13.3 10.7-24 24-24s24 10.7 24 24c0 13.2-10.7 24-24 24z\"><\/path><\/svg>\t\t\t\t<\/span>\n\t\t\t<\/div>\n\t\t\t\n\t\t\t\t\t\t<div class=\"elementor-icon-box-content\">\n\n\t\t\t\t\n\t\t\t\t\t\t\t\t\t<p class=\"elementor-icon-box-description\">\n\t\t\t\t\t\tEsta secci\u00f3n est\u00e1 en desarrollo.\t\t\t\t\t<\/p>\n\t\t\t\t\n\t\t\t<\/div>\n\t\t\t\n\t\t<\/div>\n\t\t\t\t\t\t<\/div>\n\t\t\t\t\t<\/div>\n\t\t\t\t<\/div>\n\t\t<div class=\"elementor-element elementor-element-f9539a7 e-flex e-con-boxed e-con e-parent\" data-id=\"f9539a7\" data-element_type=\"container\">\n\t\t\t\t\t<div class=\"e-con-inner\">\n\t\t\t\t\t<\/div>\n\t\t\t\t<\/div>\n\t\t\t\t<\/div>","protected":false},"excerpt":{"rendered":"<p>PathoSays School Estamos construyendo un espacio de aprendizaje diferente. Muy pronto encontrar\u00e1s aqu\u00ed cursos, gu\u00edas y rutas de estudio dise\u00f1adas para comprender la biolog\u00eda, la enfermedad y la inteligencia artificial aplicada a la medicina desde su esencia. Esta secci\u00f3n est\u00e1 en desarrollo.<\/p>","protected":false},"author":1,"featured_media":0,"parent":0,"menu_order":0,"comment_status":"closed","ping_status":"closed","template":"","meta":{"_uag_custom_page_level_css":"","footnotes":""},"class_list":["post-2054","page","type-page","status-publish","hentry"],"aioseo_notices":[],"uagb_featured_image_src":{"full":false,"thumbnail":false,"medium":false,"medium_large":false,"large":false,"1536x1536":false,"2048x2048":false,"trp-custom-language-flag":false},"uagb_author_info":{"display_name":"pathosays","author_link":"https:\/\/pathosays.com\/en\/author\/pathosaysgmail-com\/"},"uagb_comment_info":0,"uagb_excerpt":"PathoSays School Estamos construyendo un espacio de aprendizaje diferente. Muy pronto encontrar\u00e1s aqu\u00ed cursos, gu\u00edas y rutas de estudio dise\u00f1adas para comprender la biolog\u00eda, la enfermedad y la inteligencia artificial aplicada a la medicina desde su esencia. Esta secci\u00f3n est\u00e1 en desarrollo.","_links":{"self":[{"href":"https:\/\/pathosays.com\/en\/wp-json\/wp\/v2\/pages\/2054","targetHints":{"allow":["GET"]}}],"collection":[{"href":"https:\/\/pathosays.com\/en\/wp-json\/wp\/v2\/pages"}],"about":[{"href":"https:\/\/pathosays.com\/en\/wp-json\/wp\/v2\/types\/page"}],"author":[{"embeddable":true,"href":"https:\/\/pathosays.com\/en\/wp-json\/wp\/v2\/users\/1"}],"replies":[{"embeddable":true,"href":"https:\/\/pathosays.com\/en\/wp-json\/wp\/v2\/comments?post=2054"}],"version-history":[{"count":5,"href":"https:\/\/pathosays.com\/en\/wp-json\/wp\/v2\/pages\/2054\/revisions"}],"predecessor-version":[{"id":2636,"href":"https:\/\/pathosays.com\/en\/wp-json\/wp\/v2\/pages\/2054\/revisions\/2636"}],"wp:attachment":[{"href":"https:\/\/pathosays.com\/en\/wp-json\/wp\/v2\/media?parent=2054"}],"curies":[{"name":"wp","href":"https:\/\/api.w.org\/{rel}","templated":true}]}}