{"id":2207,"date":"2025-11-27T19:14:47","date_gmt":"2025-11-27T18:14:47","guid":{"rendered":"https:\/\/pathosays.com\/?page_id=2207"},"modified":"2025-12-02T01:49:45","modified_gmt":"2025-12-02T00:49:45","slug":"inicio","status":"publish","type":"page","link":"https:\/\/pathosays.com\/en\/","title":{"rendered":"Home"},"content":{"rendered":"<div data-elementor-type=\"wp-page\" data-elementor-id=\"2207\" class=\"elementor elementor-2207\" data-elementor-post-type=\"page\">\n\t\t\t\t<div class=\"elementor-element elementor-element-41f22b1 e-flex e-con-boxed e-con e-parent\" data-id=\"41f22b1\" data-element_type=\"container\" data-settings=\"{&quot;background_background&quot;:&quot;gradient&quot;}\">\n\t\t\t\t\t<div class=\"e-con-inner\">\n\t\t<div class=\"elementor-element elementor-element-4a49afb e-con-full e-flex e-con e-child\" data-id=\"4a49afb\" data-element_type=\"container\">\n\t\t\t\t<div class=\"elementor-element elementor-element-ed88a9c elementor-widget__width-initial elementor-widget elementor-widget-heading\" data-id=\"ed88a9c\" data-element_type=\"widget\" data-widget_type=\"heading.default\">\n\t\t\t\t\t<h6 class=\"elementor-heading-title elementor-size-default\">EDUCACI\u00d3N M\u00c9DICA<\/h6>\t\t\t\t<\/div>\n\t\t<div class=\"elementor-element elementor-element-d2dffce e-con-full e-flex e-con e-child\" data-id=\"d2dffce\" data-element_type=\"container\">\n\t\t\t\t<div class=\"elementor-element elementor-element-70049a9 elementor-widget__width-initial elementor-widget elementor-widget-heading\" data-id=\"70049a9\" data-element_type=\"widget\" data-widget_type=\"heading.default\">\n\t\t\t\t\t<h1 class=\"elementor-heading-title elementor-size-default\">Patho<\/h1>\t\t\t\t<\/div>\n\t\t<div class=\"elementor-element elementor-element-9ecb1c7 e-con-full e-flex e-con e-child\" data-id=\"9ecb1c7\" data-element_type=\"container\">\n\t\t\t\t<div class=\"elementor-element elementor-element-8ef040c elementor-widget__width-initial elementor-widget elementor-widget-heading\" data-id=\"8ef040c\" data-element_type=\"widget\" data-widget_type=\"heading.default\">\n\t\t\t\t\t<h1 class=\"elementor-heading-title elementor-size-default\">Says<\/h1>\t\t\t\t<\/div>\n\t\t\t\t<\/div>\n\t\t\t\t<\/div>\n\t\t\t\t<div class=\"elementor-element elementor-element-9bfda71 elementor-widget__width-initial elementor-widget elementor-widget-text-editor\" data-id=\"9bfda71\" data-element_type=\"widget\" data-widget_type=\"text-editor.default\">\n\t\t\t\t\t\t\t\t\t<p>Comprender la medicina empieza donde nace la vida: en la c\u00e9lula. En PathoSays transformo la histolog\u00eda, la patolog\u00eda y la inteligencia artificial en conocimiento claro, visual y humano.<br data-start=\"649\" data-end=\"652\" \/>Exploramos juntos c\u00f3mo los tejidos hablan, c\u00f3mo las enfermedades se revelan y c\u00f3mo la tecnolog\u00eda redefine nuestro futuro como profesionales de la salud.<\/p>\t\t\t\t\t\t\t\t<\/div>\n\t\t\t\t<div class=\"elementor-element elementor-element-5b59469 elementor-widget__width-initial elementor-widget elementor-widget-heading\" data-id=\"5b59469\" data-element_type=\"widget\" data-widget_type=\"heading.default\">\n\t\t\t\t\t<h6 class=\"elementor-heading-title elementor-size-default\">Aprende ciencia de forma profunda, hermosa y comprensible.<\/h6>\t\t\t\t<\/div>\n\t\t\t\t<\/div>\n\t\t\t\t\t<\/div>\n\t\t\t\t<\/div>\n\t\t<div class=\"elementor-element elementor-element-0072ab3 e-grid e-con-boxed e-con e-parent\" data-id=\"0072ab3\" data-element_type=\"container\">\n\t\t\t\t\t<div class=\"e-con-inner\">\n\t\t<div class=\"elementor-element elementor-element-c9da60d e-con-full e-flex e-con e-child\" data-id=\"c9da60d\" data-element_type=\"container\">\n\t\t\t\t<div class=\"elementor-element elementor-element-ca1f024 elementor-widget__width-initial elementor-widget elementor-widget-heading\" data-id=\"ca1f024\" data-element_type=\"widget\" data-widget_type=\"heading.default\">\n\t\t\t\t\t<h1 class=\"elementor-heading-title elementor-size-default\">01.<\/h1>\t\t\t\t<\/div>\n\t\t\t\t<div class=\"elementor-element elementor-element-927f711 elementor-widget__width-initial elementor-widget elementor-widget-icon-box\" data-id=\"927f711\" data-element_type=\"widget\" data-widget_type=\"icon-box.default\">\n\t\t\t\t\t\t\t<div class=\"elementor-icon-box-wrapper\">\n\n\t\t\t\n\t\t\t\t\t\t<div class=\"elementor-icon-box-content\">\n\n\t\t\t\t\t\t\t\t\t<h5 class=\"elementor-icon-box-title\">\n\t\t\t\t\t\t<span  >\n\t\t\t\t\t\t\tPatolog\u00eda digital\t\t\t\t\t\t<\/span>\n\t\t\t\t\t<\/h5>\n\t\t\t\t\n\t\t\t\t\n\t\t\t<\/div>\n\t\t\t\n\t\t<\/div>\n\t\t\t\t\t\t<\/div>\n\t\t\t\t<\/div>\n\t\t<div class=\"elementor-element elementor-element-5cee61a e-con-full e-flex e-con e-child\" data-id=\"5cee61a\" data-element_type=\"container\">\n\t\t\t\t<div class=\"elementor-element elementor-element-a26df86 elementor-widget__width-initial elementor-widget elementor-widget-heading\" data-id=\"a26df86\" data-element_type=\"widget\" data-widget_type=\"heading.default\">\n\t\t\t\t\t<h1 class=\"elementor-heading-title elementor-size-default\">02.<\/h1>\t\t\t\t<\/div>\n\t\t\t\t<div class=\"elementor-element elementor-element-3b495f8 elementor-widget__width-initial elementor-widget elementor-widget-icon-box\" data-id=\"3b495f8\" data-element_type=\"widget\" data-widget_type=\"icon-box.default\">\n\t\t\t\t\t\t\t<div class=\"elementor-icon-box-wrapper\">\n\n\t\t\t\n\t\t\t\t\t\t<div class=\"elementor-icon-box-content\">\n\n\t\t\t\t\t\t\t\t\t<h5 class=\"elementor-icon-box-title\">\n\t\t\t\t\t\t<span  >\n\t\t\t\t\t\t\tInteligencia artificial\t\t\t\t\t\t<\/span>\n\t\t\t\t\t<\/h5>\n\t\t\t\t\n\t\t\t\t\n\t\t\t<\/div>\n\t\t\t\n\t\t<\/div>\n\t\t\t\t\t\t<\/div>\n\t\t\t\t<\/div>\n\t\t<div class=\"elementor-element elementor-element-f77c882 e-con-full e-flex e-con e-child\" data-id=\"f77c882\" data-element_type=\"container\">\n\t\t\t\t<div class=\"elementor-element elementor-element-6c23015 elementor-widget__width-initial elementor-widget elementor-widget-heading\" data-id=\"6c23015\" data-element_type=\"widget\" data-widget_type=\"heading.default\">\n\t\t\t\t\t<h1 class=\"elementor-heading-title elementor-size-default\">03.<\/h1>\t\t\t\t<\/div>\n\t\t\t\t<div class=\"elementor-element elementor-element-0f0d512 elementor-widget__width-initial elementor-widget elementor-widget-icon-box\" data-id=\"0f0d512\" data-element_type=\"widget\" data-widget_type=\"icon-box.default\">\n\t\t\t\t\t\t\t<div class=\"elementor-icon-box-wrapper\">\n\n\t\t\t\n\t\t\t\t\t\t<div class=\"elementor-icon-box-content\">\n\n\t\t\t\t\t\t\t\t\t<h5 class=\"elementor-icon-box-title\">\n\t\t\t\t\t\t<span  >\n\t\t\t\t\t\t\tEducaci\u00f3n m\u00e9dica\t\t\t\t\t\t<\/span>\n\t\t\t\t\t<\/h5>\n\t\t\t\t\n\t\t\t\t\n\t\t\t<\/div>\n\t\t\t\n\t\t<\/div>\n\t\t\t\t\t\t<\/div>\n\t\t\t\t<\/div>\n\t\t\t\t\t<\/div>\n\t\t\t\t<\/div>\n\t\t\t\t<\/div>","protected":false},"excerpt":{"rendered":"<p>EDUCACI\u00d3N M\u00c9DICA Patho Says Comprender la medicina empieza donde nace la vida: en la c\u00e9lula. En PathoSays transformo la histolog\u00eda, la patolog\u00eda y la inteligencia artificial en conocimiento claro, visual y humano.Exploramos juntos c\u00f3mo los tejidos hablan, c\u00f3mo las enfermedades se revelan y c\u00f3mo la tecnolog\u00eda redefine nuestro futuro como profesionales de la salud. Aprende [&hellip;]<\/p>","protected":false},"author":1,"featured_media":0,"parent":0,"menu_order":0,"comment_status":"closed","ping_status":"closed","template":"","meta":{"_uag_custom_page_level_css":"","footnotes":""},"class_list":["post-2207","page","type-page","status-publish","hentry"],"aioseo_notices":[],"uagb_featured_image_src":{"full":false,"thumbnail":false,"medium":false,"medium_large":false,"large":false,"1536x1536":false,"2048x2048":false,"trp-custom-language-flag":false},"uagb_author_info":{"display_name":"pathosays","author_link":"https:\/\/pathosays.com\/en\/author\/pathosaysgmail-com\/"},"uagb_comment_info":0,"uagb_excerpt":"EDUCACI\u00d3N M\u00c9DICA Patho Says Comprender la medicina empieza donde nace la vida: en la c\u00e9lula. En PathoSays transformo la histolog\u00eda, la patolog\u00eda y la inteligencia artificial en conocimiento claro, visual y humano.Exploramos juntos c\u00f3mo los tejidos hablan, c\u00f3mo las enfermedades se revelan y c\u00f3mo la tecnolog\u00eda redefine nuestro futuro como profesionales de la salud. Aprende&hellip;","_links":{"self":[{"href":"https:\/\/pathosays.com\/en\/wp-json\/wp\/v2\/pages\/2207","targetHints":{"allow":["GET"]}}],"collection":[{"href":"https:\/\/pathosays.com\/en\/wp-json\/wp\/v2\/pages"}],"about":[{"href":"https:\/\/pathosays.com\/en\/wp-json\/wp\/v2\/types\/page"}],"author":[{"embeddable":true,"href":"https:\/\/pathosays.com\/en\/wp-json\/wp\/v2\/users\/1"}],"replies":[{"embeddable":true,"href":"https:\/\/pathosays.com\/en\/wp-json\/wp\/v2\/comments?post=2207"}],"version-history":[{"count":146,"href":"https:\/\/pathosays.com\/en\/wp-json\/wp\/v2\/pages\/2207\/revisions"}],"predecessor-version":[{"id":2699,"href":"https:\/\/pathosays.com\/en\/wp-json\/wp\/v2\/pages\/2207\/revisions\/2699"}],"wp:attachment":[{"href":"https:\/\/pathosays.com\/en\/wp-json\/wp\/v2\/media?parent=2207"}],"curies":[{"name":"wp","href":"https:\/\/api.w.org\/{rel}","templated":true}]}}